{"id":19,"date":"2025-09-26T13:27:42","date_gmt":"2025-09-26T13:27:42","guid":{"rendered":"https:\/\/digilinguo.ch\/?page_id=19"},"modified":"2026-04-14T15:34:41","modified_gmt":"2026-04-14T15:34:41","slug":"digilinguo-home","status":"publish","type":"page","link":"https:\/\/digilinguo.ch\/en\/","title":{"rendered":"Digilinguo &#8211; Home"},"content":{"rendered":"<div data-elementor-type=\"wp-page\" data-elementor-id=\"19\" class=\"elementor elementor-19\">\n\t\t\t\t<div class=\"elementor-element elementor-element-2f50941 e-flex e-con-boxed e-con e-parent\" data-id=\"2f50941\" data-element_type=\"container\">\n\t\t\t\t\t<div class=\"e-con-inner\">\n\t\t\t\t<div class=\"elementor-element elementor-element-39ad443 elementor-widget elementor-widget-image\" data-id=\"39ad443\" data-element_type=\"widget\" data-widget_type=\"image.default\">\n\t\t\t\t\t\t\t\t\t\t\t\t\t\t\t<img fetchpriority=\"high\" decoding=\"async\" width=\"800\" height=\"322\" src=\"https:\/\/digilinguo.ch\/wp-content\/uploads\/2025\/09\/haende-fraigestellt-2.jpg\" class=\"attachment-full size-full wp-image-135\" alt=\"\" srcset=\"https:\/\/digilinguo.ch\/wp-content\/uploads\/2025\/09\/haende-fraigestellt-2.jpg 800w, https:\/\/digilinguo.ch\/wp-content\/uploads\/2025\/09\/haende-fraigestellt-2-300x121.jpg 300w, https:\/\/digilinguo.ch\/wp-content\/uploads\/2025\/09\/haende-fraigestellt-2-768x309.jpg 768w\" sizes=\"(max-width: 800px) 100vw, 800px\" \/>\t\t\t\t\t\t\t\t\t\t\t\t\t\t\t<\/div>\n\t\t\t\t\t<\/div>\n\t\t\t\t<\/div>\n\t\t<div class=\"elementor-element elementor-element-4c73230 e-flex e-con-boxed e-con e-parent\" data-id=\"4c73230\" data-element_type=\"container\">\n\t\t\t\t\t<div class=\"e-con-inner\">\n\t\t\t\t<div class=\"elementor-element elementor-element-0b96543 elementor-widget elementor-widget-heading\" data-id=\"0b96543\" data-element_type=\"widget\" data-widget_type=\"heading.default\">\n\t\t\t\t\t<h1 class=\"elementor-heading-title elementor-size-default\">digilinguo<\/h1>\t\t\t\t<\/div>\n\t\t\t\t<div class=\"elementor-element elementor-element-026379d elementor-widget elementor-widget-text-editor\" data-id=\"026379d\" data-element_type=\"widget\" data-widget_type=\"text-editor.default\">\n\t\t\t\t\t\t\t\t\t<p><span class=\"TextRun SCXW160193241 BCX8\" lang=\"DE-CH\" xml:lang=\"DE-CH\" data-contrast=\"auto\">digilinguo helps public institutions such as hospitals, courts or schools to overcome everyday language barriers, making communication easier for everyone involved. The digilinguo project is a collaboration between the University of Zurich (UZH) and the Zurich University of Applied Sciences (ZHAW). The project is being supported by the Digitalization Initiative of the Zurich Higher Education Institutions (DIZH).<\/span><\/p>\t\t\t\t\t\t\t\t<\/div>\n\t\t\t\t\t<\/div>\n\t\t\t\t<\/div>\n\t\t<div class=\"elementor-element elementor-element-bb48626 e-flex e-con-boxed e-con e-parent\" data-id=\"bb48626\" data-element_type=\"container\">\n\t\t\t\t\t<div class=\"e-con-inner\">\n\t\t\t\t<div class=\"elementor-element elementor-element-c97c822 elementor-widget elementor-widget-heading\" data-id=\"c97c822\" data-element_type=\"widget\" data-widget_type=\"heading.default\">\n\t\t\t\t\t<h2 class=\"elementor-heading-title elementor-size-default\">The three project pillars<\/h2>\t\t\t\t<\/div>\n\t\t<div class=\"elementor-element elementor-element-9ce7ff1 e-grid e-con-full e-con e-child\" data-id=\"9ce7ff1\" data-element_type=\"container\">\n\t\t<div class=\"elementor-element elementor-element-e7158eb e-con-full e-flex e-con e-child\" data-id=\"e7158eb\" data-element_type=\"container\">\n\t\t\t\t<div class=\"elementor-element elementor-element-f6091ed elementor-widget elementor-widget-image\" data-id=\"f6091ed\" data-element_type=\"widget\" data-widget_type=\"image.default\">\n\t\t\t\t\t\t\t\t\t\t\t\t<figure class=\"wp-caption\">\n\t\t\t\t\t\t\t\t\t\t<img decoding=\"async\" src=\"https:\/\/digilinguo.ch\/wp-content\/uploads\/elementor\/thumbs\/art-and-design-rds7nfc63is68ewquq9pwm3hwnrd8dh6l0u4924xs0.png\" title=\"art-and-design\" alt=\"art-and-design\" loading=\"lazy\" \/>\t\t\t\t\t\t\t\t\t\t\t<figcaption class=\"widget-image-caption wp-caption-text\"><\/figcaption>\n\t\t\t\t\t\t\t\t\t\t<\/figure>\n\t\t\t\t\t\t\t\t\t<\/div>\n\t\t\t\t<div class=\"elementor-element elementor-element-33c9255 elementor-widget elementor-widget-heading\" data-id=\"33c9255\" data-element_type=\"widget\" data-widget_type=\"heading.default\">\n\t\t\t\t\t<h3 class=\"elementor-heading-title elementor-size-default\"><a href=\"https:\/\/digilinguo.ch\/en\/teststrecke\/\" alt=\"Zur Teststrecke-Unterseite\">Test track<\/a><\/h3>\t\t\t\t<\/div>\n\t\t\t\t<div class=\"elementor-element elementor-element-d9e5e7f elementor-widget elementor-widget-text-editor\" data-id=\"d9e5e7f\" data-element_type=\"widget\" data-widget_type=\"text-editor.default\">\n\t\t\t\t\t\t\t\t\t<span class=\"TextRun SCXW170483941 BCX8\" lang=\"DE-CH\" xml:lang=\"DE-CH\" data-contrast=\"auto\">Various digital tools are provided as part of the Test track. They comprise a range of devices like VR glasses as well as software solutions such as apps. The tools are tried out by the practical partners in the ZHAW's Usability Lab. During this process, the tools are tested for their practicality and efficiency.<\/span>\t\t\t\t\t\t\t\t<\/div>\n\t\t\t\t<\/div>\n\t\t<div class=\"elementor-element elementor-element-e3c4cc1 e-con-full e-flex e-con e-child\" data-id=\"e3c4cc1\" data-element_type=\"container\">\n\t\t\t\t<div class=\"elementor-element elementor-element-d3a339c elementor-widget elementor-widget-image\" data-id=\"d3a339c\" data-element_type=\"widget\" data-widget_type=\"image.default\">\n\t\t\t\t\t\t\t\t\t\t\t\t\t\t\t<img decoding=\"async\" width=\"256\" height=\"256\" src=\"https:\/\/digilinguo.ch\/wp-content\/uploads\/2025\/10\/accessible.png\" class=\"attachment-medium size-medium wp-image-207\" alt=\"\" srcset=\"https:\/\/digilinguo.ch\/wp-content\/uploads\/2025\/10\/accessible.png 256w, https:\/\/digilinguo.ch\/wp-content\/uploads\/2025\/10\/accessible-150x150.png 150w\" sizes=\"(max-width: 256px) 100vw, 256px\" \/>\t\t\t\t\t\t\t\t\t\t\t\t\t\t\t<\/div>\n\t\t\t\t<div class=\"elementor-element elementor-element-bd160bb elementor-widget elementor-widget-heading\" data-id=\"bd160bb\" data-element_type=\"widget\" data-widget_type=\"heading.default\">\n\t\t\t\t\t<h3 class=\"elementor-heading-title elementor-size-default\"><a href=\"https:\/\/digilinguo.ch\/en\/science2practice\/\" alt=\"Zur Unterseite des Learning-Hubs\">Science2Practice<\/a><\/h3>\t\t\t\t<\/div>\n\t\t\t\t<div class=\"elementor-element elementor-element-fbf179a elementor-widget elementor-widget-text-editor\" data-id=\"fbf179a\" data-element_type=\"widget\" data-widget_type=\"text-editor.default\">\n\t\t\t\t\t\t\t\t\t<p><span class=\"TextRun SCXW150081266 BCX8\" lang=\"DE-CH\" xml:lang=\"DE-CH\" data-contrast=\"auto\">The Science2Practice online platform offers proven solutions as well as new developments from the worlds of science and professional practice. You can also find regular updates on digilinguo's research results here. There is also an e-learning environment with learning materials for the training and continuing education of interpreting professionals.<\/span><\/p>\t\t\t\t\t\t\t\t<\/div>\n\t\t\t\t<\/div>\n\t\t<div class=\"elementor-element elementor-element-be2781a e-con-full e-flex e-con e-child\" data-id=\"be2781a\" data-element_type=\"container\">\n\t\t\t\t<div class=\"elementor-element elementor-element-c7a1225 elementor-widget elementor-widget-image\" data-id=\"c7a1225\" data-element_type=\"widget\" data-widget_type=\"image.default\">\n\t\t\t\t\t\t\t\t\t\t\t\t\t\t\t<img decoding=\"async\" src=\"https:\/\/digilinguo.ch\/wp-content\/uploads\/elementor\/thumbs\/like1-rds7neebwoqvwsy407v3c4c1b9w00odg8w6mrs6by8.png\" title=\"like(1)\" alt=\"like(1)\" loading=\"lazy\" \/>\t\t\t\t\t\t\t\t\t\t\t\t\t\t\t<\/div>\n\t\t\t\t<div class=\"elementor-element elementor-element-693e5c0 elementor-widget elementor-widget-heading\" data-id=\"693e5c0\" data-element_type=\"widget\" data-widget_type=\"heading.default\">\n\t\t\t\t\t<h3 class=\"elementor-heading-title elementor-size-default\"><a href=\"https:\/\/digilinguo.ch\/en\/meetups\/\" alt=\"Zur Unterseite der Meetups\">Meetups<\/a><\/h3>\t\t\t\t<\/div>\n\t\t\t\t<div class=\"elementor-element elementor-element-6be3be7 elementor-widget elementor-widget-text-editor\" data-id=\"6be3be7\" data-element_type=\"widget\" data-widget_type=\"text-editor.default\">\n\t\t\t\t\t\t\t\t\t<span class=\"TextRun SCXW176599122 BCX8\" lang=\"DE-CH\" xml:lang=\"DE-CH\" data-contrast=\"auto\">The meetups bring together experts from public institutions as well as researchers and interpreting professionals. They provide a basis for interdisciplinary exchanges and are crucial for finding efficient solutions. They also allow for critical discussions about the various digital tools.<\/span>\t\t\t\t\t\t\t\t<\/div>\n\t\t\t\t<\/div>\n\t\t\t\t<\/div>\n\t\t\t\t<div class=\"elementor-element elementor-element-fb03a53 elementor-widget elementor-widget-text-editor\" data-id=\"fb03a53\" data-element_type=\"widget\" data-widget_type=\"text-editor.default\">\n\t\t\t\t\t\t\t\t\t<p>Icons made by Freepik <span data-huuid=\"2876105293701580607\">\u2014<\/span> Flaticons.com<\/p>\t\t\t\t\t\t\t\t<\/div>\n\t\t\t\t\t<\/div>\n\t\t\t\t<\/div>\n\t\t<div class=\"elementor-element elementor-element-ed4c69e e-flex e-con-boxed e-con e-parent\" data-id=\"ed4c69e\" data-element_type=\"container\">\n\t\t\t\t\t<div class=\"e-con-inner\">\n\t\t\t\t<div class=\"elementor-element elementor-element-df3929e elementor-widget-divider--view-line elementor-widget elementor-widget-divider\" data-id=\"df3929e\" data-element_type=\"widget\" data-widget_type=\"divider.default\">\n\t\t\t\t\t\t\t<div class=\"elementor-divider\">\n\t\t\t<span class=\"elementor-divider-separator\">\n\t\t\t\t\t\t<\/span>\n\t\t<\/div>\n\t\t\t\t\t\t<\/div>\n\t\t<div class=\"elementor-element elementor-element-61a767a e-con-full e-flex e-con e-child\" data-id=\"61a767a\" data-element_type=\"container\">\n\t\t\t\t<div class=\"elementor-element elementor-element-ec4999a elementor-widget elementor-widget-image\" data-id=\"ec4999a\" data-element_type=\"widget\" data-widget_type=\"image.default\">\n\t\t\t\t\t\t\t\t\t\t\t\t\t\t\t<img decoding=\"async\" src=\"https:\/\/digilinguo.ch\/wp-content\/uploads\/elementor\/thumbs\/zhaw_sw_pos_breit-2-rcdhvfittclft9fuwe7fp780ztez1yhinjvb1hs6zg.jpg\" title=\"Logo ZHAW\" alt=\"Logo ZHAW\" loading=\"lazy\" \/>\t\t\t\t\t\t\t\t\t\t\t\t\t\t\t<\/div>\n\t\t\t\t<div class=\"elementor-element elementor-element-4f7f2a8 elementor-widget elementor-widget-image\" data-id=\"4f7f2a8\" data-element_type=\"widget\" data-widget_type=\"image.default\">\n\t\t\t\t\t\t\t\t\t\t\t\t\t\t\t<img decoding=\"async\" width=\"300\" height=\"104\" src=\"https:\/\/digilinguo.ch\/wp-content\/uploads\/2025\/09\/uzh-logo-black-300x104.png\" class=\"attachment-medium size-medium wp-image-121\" alt=\"Logo UZH\" srcset=\"https:\/\/digilinguo.ch\/wp-content\/uploads\/2025\/09\/uzh-logo-black-300x104.png 300w, https:\/\/digilinguo.ch\/wp-content\/uploads\/2025\/09\/uzh-logo-black-1024x354.png 1024w, https:\/\/digilinguo.ch\/wp-content\/uploads\/2025\/09\/uzh-logo-black-768x266.png 768w, https:\/\/digilinguo.ch\/wp-content\/uploads\/2025\/09\/uzh-logo-black.png 1193w\" sizes=\"(max-width: 300px) 100vw, 300px\" \/>\t\t\t\t\t\t\t\t\t\t\t\t\t\t\t<\/div>\n\t\t\t\t<div class=\"elementor-element elementor-element-6574b6e elementor-widget elementor-widget-image\" data-id=\"6574b6e\" data-element_type=\"widget\" data-widget_type=\"image.default\">\n\t\t\t\t\t\t\t\t\t\t\t\t\t\t\t<img loading=\"lazy\" decoding=\"async\" width=\"300\" height=\"113\" src=\"https:\/\/digilinguo.ch\/wp-content\/uploads\/2026\/02\/hfh_logo-300x48.png\" class=\"attachment-medium size-medium wp-image-119\" alt=\"Logo of the DIZH\" srcset=\"\" sizes=\"(max-width: 300px) 100vw, 300px\" data-srcset=\"\" \/>\t\t\t\t\t\t\t\t\t\t\t\t\t\t\t<\/div>\n\t\t\t\t<\/div>\n\t\t\t\t<div class=\"elementor-element elementor-element-57c1666 elementor-widget-divider--view-line elementor-widget elementor-widget-divider\" data-id=\"57c1666\" data-element_type=\"widget\" data-widget_type=\"divider.default\">\n\t\t\t\t\t\t\t<div class=\"elementor-divider\">\n\t\t\t<span class=\"elementor-divider-separator\">\n\t\t\t\t\t\t<\/span>\n\t\t<\/div>\n\t\t\t\t\t\t<\/div>\n\t\t\t\t\t<\/div>\n\t\t\t\t<\/div>\n\t\t\t\t<\/div>","protected":false},"excerpt":{"rendered":"<p>digilinguo digilinguo unterst\u00fctzt \u00f6ffentliche Einrichtungen wie Spit\u00e4ler, Gerichte oder Schulen dabei, Sprachbarrieren im Alltag zu \u00fcberwinden und damit alle beteiligten Personen zu entlasten. Das Projekt Digilinguo ist eine Zusammenarbeit der Universit\u00e4t Z\u00fcrich UZH und der Z\u00fcrcher Hochschule f\u00fcr Angewandte Wissenschaften ZHAW. Unterst\u00fctzt wird das Projekt von der Digitalisierungsinitiative der Z\u00fcrcher Hochschulen DIZH. Die drei S\u00e4ulen [&hellip;]<\/p>","protected":false},"author":1,"featured_media":0,"parent":0,"menu_order":0,"comment_status":"closed","ping_status":"closed","template":"","meta":{"footnotes":""},"class_list":["post-19","page","type-page","status-publish","hentry"],"_links":{"self":[{"href":"https:\/\/digilinguo.ch\/en\/wp-json\/wp\/v2\/pages\/19","targetHints":{"allow":["GET"]}}],"collection":[{"href":"https:\/\/digilinguo.ch\/en\/wp-json\/wp\/v2\/pages"}],"about":[{"href":"https:\/\/digilinguo.ch\/en\/wp-json\/wp\/v2\/types\/page"}],"author":[{"embeddable":true,"href":"https:\/\/digilinguo.ch\/en\/wp-json\/wp\/v2\/users\/1"}],"replies":[{"embeddable":true,"href":"https:\/\/digilinguo.ch\/en\/wp-json\/wp\/v2\/comments?post=19"}],"version-history":[{"count":133,"href":"https:\/\/digilinguo.ch\/en\/wp-json\/wp\/v2\/pages\/19\/revisions"}],"predecessor-version":[{"id":1086,"href":"https:\/\/digilinguo.ch\/en\/wp-json\/wp\/v2\/pages\/19\/revisions\/1086"}],"wp:attachment":[{"href":"https:\/\/digilinguo.ch\/en\/wp-json\/wp\/v2\/media?parent=19"}],"curies":[{"name":"wp","href":"https:\/\/api.w.org\/{rel}","templated":true}]}}