{"id":314,"date":"2025-10-26T19:26:45","date_gmt":"2025-10-26T19:26:45","guid":{"rendered":"https:\/\/digilinguo.ch\/?page_id=314"},"modified":"2026-01-15T14:24:46","modified_gmt":"2026-01-15T14:24:46","slug":"meetups","status":"publish","type":"page","link":"https:\/\/digilinguo.ch\/en\/meetups\/","title":{"rendered":"Meetups"},"content":{"rendered":"<div data-elementor-type=\"wp-page\" data-elementor-id=\"314\" class=\"elementor elementor-314\">\n\t\t\t\t<div class=\"elementor-element elementor-element-e936577 e-flex e-con-boxed e-con e-parent\" data-id=\"e936577\" data-element_type=\"container\">\n\t\t\t\t\t<div class=\"e-con-inner\">\n\t\t\t\t<div class=\"elementor-element elementor-element-11c4774 elementor-widget elementor-widget-image\" data-id=\"11c4774\" data-element_type=\"widget\" data-widget_type=\"image.default\">\n\t\t\t\t\t\t\t\t\t\t\t\t\t\t\t<img fetchpriority=\"high\" decoding=\"async\" width=\"768\" height=\"512\" src=\"https:\/\/digilinguo.ch\/wp-content\/uploads\/2025\/10\/IMG_1447-Kopie-768x512.jpg\" class=\"attachment-medium_large size-medium_large wp-image-320\" alt=\"\" srcset=\"https:\/\/digilinguo.ch\/wp-content\/uploads\/2025\/10\/IMG_1447-Kopie-768x512.jpg 768w, https:\/\/digilinguo.ch\/wp-content\/uploads\/2025\/10\/IMG_1447-Kopie-300x200.jpg 300w, https:\/\/digilinguo.ch\/wp-content\/uploads\/2025\/10\/IMG_1447-Kopie-18x12.jpg 18w, https:\/\/digilinguo.ch\/wp-content\/uploads\/2025\/10\/IMG_1447-Kopie.jpg 960w\" sizes=\"(max-width: 768px) 100vw, 768px\" \/>\t\t\t\t\t\t\t\t\t\t\t\t\t\t\t<\/div>\n\t\t\t\t<div class=\"elementor-element elementor-element-86c22a1 elementor-widget elementor-widget-heading\" data-id=\"86c22a1\" data-element_type=\"widget\" data-widget_type=\"heading.default\">\n\t\t\t\t\t<h1 class=\"elementor-heading-title elementor-size-default\">Meetups<\/h1>\t\t\t\t<\/div>\n\t\t\t\t<div class=\"elementor-element elementor-element-e1857a2 elementor-widget elementor-widget-text-editor\" data-id=\"e1857a2\" data-element_type=\"widget\" data-widget_type=\"text-editor.default\">\n\t\t\t\t\t\t\t\t\t<span class=\"TextRun SCXW252451330 BCX8\" lang=\"DE-CH\" xml:lang=\"DE-CH\" data-contrast=\"auto\">Our meetups bring together experts from public institutions as well as interpreters and researchers. Meetup participants discuss the latest findings, exchange practical experience and discuss problems. Technological, legal and social developments are taken into account in order to, for example, ensure data protection. The meetups provide a platform for critical discussions on the digital tools and are crucial for finding practical and efficient solutions that minimise language barriers.<\/span>\t\t\t\t\t\t\t\t<\/div>\n\t\t<div class=\"elementor-element elementor-element-f7e9450 e-con-full e-flex e-con e-child\" data-id=\"f7e9450\" data-element_type=\"container\">\n\t\t\t\t<div class=\"elementor-element elementor-element-28b6870 elementor-widget elementor-widget-heading\" data-id=\"28b6870\" data-element_type=\"widget\" data-widget_type=\"heading.default\">\n\t\t\t\t\t<h2 class=\"elementor-heading-title elementor-size-default\">Meetup 27.01.2026<\/h2>\t\t\t\t<\/div>\n\t\t\t\t<div class=\"elementor-element elementor-element-cd380aa elementor-widget elementor-widget-text-editor\" data-id=\"cd380aa\" data-element_type=\"widget\" data-widget_type=\"text-editor.default\">\n\t\t\t\t\t\t\t\t\t<p class=\"translation-block\">Our next meetup will take place on 27 January 2026. The programme with the location, time, and schedule, as well as the registration form, will be sent to you by e-mail in December.<\/p>\t\t\t\t\t\t\t\t<\/div>\n\t\t\t\t<\/div>\n\t\t\t\t\t<\/div>\n\t\t\t\t<\/div>\n\t\t\t\t<\/div>","protected":false},"excerpt":{"rendered":"<p>Meetups Bei den Meetups treffen sich Fachpersonen aus den \u00f6ffentlichen Einrichtungen, Dolmetschende und Forschende. Sie diskutieren die neuesten Erkenntnisse, tauschen Praxiserfahrungen aus und besprechen Probleme. Dabei werden technologische, gesetzliche und gesellschaftliche Entwicklungen ber\u00fccksichtigt, um zum Beispiel den Datenschutz zu gew\u00e4hrleisten. Die Meetups bieten Raum f\u00fcr die kritische Diskussion zu den digitalen Tools und sind entscheidend, [&hellip;]<\/p>","protected":false},"author":1,"featured_media":0,"parent":0,"menu_order":0,"comment_status":"closed","ping_status":"closed","template":"","meta":{"footnotes":""},"class_list":["post-314","page","type-page","status-publish","hentry"],"_links":{"self":[{"href":"https:\/\/digilinguo.ch\/en\/wp-json\/wp\/v2\/pages\/314","targetHints":{"allow":["GET"]}}],"collection":[{"href":"https:\/\/digilinguo.ch\/en\/wp-json\/wp\/v2\/pages"}],"about":[{"href":"https:\/\/digilinguo.ch\/en\/wp-json\/wp\/v2\/types\/page"}],"author":[{"embeddable":true,"href":"https:\/\/digilinguo.ch\/en\/wp-json\/wp\/v2\/users\/1"}],"replies":[{"embeddable":true,"href":"https:\/\/digilinguo.ch\/en\/wp-json\/wp\/v2\/comments?post=314"}],"version-history":[{"count":25,"href":"https:\/\/digilinguo.ch\/en\/wp-json\/wp\/v2\/pages\/314\/revisions"}],"predecessor-version":[{"id":591,"href":"https:\/\/digilinguo.ch\/en\/wp-json\/wp\/v2\/pages\/314\/revisions\/591"}],"wp:attachment":[{"href":"https:\/\/digilinguo.ch\/en\/wp-json\/wp\/v2\/media?parent=314"}],"curies":[{"name":"wp","href":"https:\/\/api.w.org\/{rel}","templated":true}]}}