{"id":221,"date":"2025-10-26T16:41:23","date_gmt":"2025-10-26T16:41:23","guid":{"rendered":"https:\/\/digilinguo.ch\/?page_id=221"},"modified":"2025-10-26T20:47:13","modified_gmt":"2025-10-26T20:47:13","slug":"teststrecke","status":"publish","type":"page","link":"https:\/\/digilinguo.ch\/fr\/teststrecke\/","title":{"rendered":"Zone de tests"},"content":{"rendered":"<div data-elementor-type=\"wp-page\" data-elementor-id=\"221\" class=\"elementor elementor-221\">\n\t\t\t\t<div class=\"elementor-element elementor-element-273a99a e-flex e-con-boxed e-con e-parent\" data-id=\"273a99a\" data-element_type=\"container\">\n\t\t\t\t\t<div class=\"e-con-inner\">\n\t\t\t\t<div class=\"elementor-element elementor-element-64736f9 elementor-widget elementor-widget-image\" data-id=\"64736f9\" data-element_type=\"widget\" data-widget_type=\"image.default\">\n\t\t\t\t\t\t\t\t\t\t\t\t\t\t\t<img fetchpriority=\"high\" decoding=\"async\" width=\"768\" height=\"512\" src=\"https:\/\/digilinguo.ch\/wp-content\/uploads\/2025\/10\/TestTrack-768x512.jpg\" class=\"attachment-medium_large size-medium_large wp-image-230\" alt=\"\" srcset=\"https:\/\/digilinguo.ch\/wp-content\/uploads\/2025\/10\/TestTrack-768x512.jpg 768w, https:\/\/digilinguo.ch\/wp-content\/uploads\/2025\/10\/TestTrack-300x200.jpg 300w, https:\/\/digilinguo.ch\/wp-content\/uploads\/2025\/10\/TestTrack-1024x683.jpg 1024w, https:\/\/digilinguo.ch\/wp-content\/uploads\/2025\/10\/TestTrack-1536x1024.jpg 1536w, https:\/\/digilinguo.ch\/wp-content\/uploads\/2025\/10\/TestTrack-2048x1365.jpg 2048w\" sizes=\"(max-width: 768px) 100vw, 768px\" \/>\t\t\t\t\t\t\t\t\t\t\t\t\t\t\t<\/div>\n\t\t\t\t<div class=\"elementor-element elementor-element-1874db0 elementor-widget elementor-widget-heading\" data-id=\"1874db0\" data-element_type=\"widget\" data-widget_type=\"heading.default\">\n\t\t\t\t\t<h1 class=\"elementor-heading-title elementor-size-default\">Zone de tests <\/h1>\t\t\t\t<\/div>\n\t\t\t\t<div class=\"elementor-element elementor-element-f7d3458 elementor-widget elementor-widget-text-editor\" data-id=\"f7d3458\" data-element_type=\"widget\" data-widget_type=\"text-editor.default\">\n\t\t\t\t\t\t\t\t\t<span class=\"TextRun SCXW150313016 BCX8\" lang=\"DE-CH\" xml:lang=\"DE-CH\" data-contrast=\"auto\">Le laboratoire d\u2019utilisabilit\u00e9 du d\u00e9partement de linguistique appliqu\u00e9e de la ZHAW met \u00e0 disposition plusieurs types de mat\u00e9riels et de solutions logicielles. Ces outils num\u00e9riques bas\u00e9s sur l\u2019IA servent, en particulier, \u00e0 la traduction, \u00e0 l\u2019interpr\u00e9tation et \u00e0 la transcription automatiques. Le laboratoire comprend, entre autres, des casques de r\u00e9alit\u00e9 virtuelle et de r\u00e9alit\u00e9 augment\u00e9e ainsi que diverses applications pour smartphones que les partenaires peuvent tester. De nouveaux outils seront acquis et test\u00e9s tout au long du projet.<\/span>\t\t\t\t\t\t\t\t<\/div>\n\t\t\t\t\t<\/div>\n\t\t\t\t<\/div>\n\t\t\t\t<\/div>","protected":false},"excerpt":{"rendered":"<p>Teststrecke Im Usability-Labor des Departements Angewandte Linguistik der ZHAW stehen verschiedene Hardwaretypen und Softwarel\u00f6sungen bereit. Es handelt sich um digitale und KI-basierte Tools, insbesondere zum maschinellen \u00dcbersetzen und Dolmetschen sowie zur automatischen Transkription. Unter anderem gibt es VR- und AR-Brillen oder verschiedene Applikationen f\u00fcr Smartphones, die die Praxispartner:innen ausprobieren k\u00f6nnen. Im Verlauf des Projekts werden [&hellip;]<\/p>","protected":false},"author":1,"featured_media":0,"parent":0,"menu_order":0,"comment_status":"closed","ping_status":"closed","template":"","meta":{"footnotes":""},"class_list":["post-221","page","type-page","status-publish","hentry"],"_links":{"self":[{"href":"https:\/\/digilinguo.ch\/fr\/wp-json\/wp\/v2\/pages\/221","targetHints":{"allow":["GET"]}}],"collection":[{"href":"https:\/\/digilinguo.ch\/fr\/wp-json\/wp\/v2\/pages"}],"about":[{"href":"https:\/\/digilinguo.ch\/fr\/wp-json\/wp\/v2\/types\/page"}],"author":[{"embeddable":true,"href":"https:\/\/digilinguo.ch\/fr\/wp-json\/wp\/v2\/users\/1"}],"replies":[{"embeddable":true,"href":"https:\/\/digilinguo.ch\/fr\/wp-json\/wp\/v2\/comments?post=221"}],"version-history":[{"count":13,"href":"https:\/\/digilinguo.ch\/fr\/wp-json\/wp\/v2\/pages\/221\/revisions"}],"predecessor-version":[{"id":366,"href":"https:\/\/digilinguo.ch\/fr\/wp-json\/wp\/v2\/pages\/221\/revisions\/366"}],"wp:attachment":[{"href":"https:\/\/digilinguo.ch\/fr\/wp-json\/wp\/v2\/media?parent=221"}],"curies":[{"name":"wp","href":"https:\/\/api.w.org\/{rel}","templated":true}]}}